
{"id":1695,"date":"2017-04-19T21:05:43","date_gmt":"2017-04-19T21:05:43","guid":{"rendered":"http:\/\/dyor.roboticafacil.es\/?page_id=1695"},"modified":"2018-01-09T21:24:05","modified_gmt":"2018-01-09T21:24:05","slug":"corte-laser","status":"publish","type":"page","link":"https:\/\/dyor.webs.upv.es\/en\/corte-laser\/","title":{"rendered":"Laser cutting"},"content":{"rendered":"<p>Learn about laser cutting technology and how to cut DYOR robot.<\/p>\n<p><!--more--><\/p>\n<h3>Laser cutting machine<\/h3>\n<p>A laser cutting machine is a numerical control machine (<a href=\"https:\/\/en.wikipedia.org\/wiki\/Numerical_control\">CNC<\/a>) with a laser head pointing downwards to the material. The main difference with respect to a 3D printer is that 3D printer add material, layer by layer, while laser cutting machines can cut or engrave planar surfaces. Therefore, they are only capable of processing 2D designs. Laser cutting machines are fast (compared to 3D printing) and in just few minutes can cut parts with a very high precision (even below 0.1mm) and repeatability. They are frequently used in architecture and makers.<\/p>\n<p>&nbsp;<\/p>\n<p>The main drawback is that they are quite expensive. Prices can vary between 1.000\u20ac to 15.000\u20ac (or even more). In addition to this, mid-rage machines require a fume extractor which is also quite expensive (between 2.000\u20ac and 5.000\u20ac). They are expensive to maintain and they require some sort of cooling system and therefore, this kind of machines is only recommended in places where there&#8217;s a reasonable amount of &#8220;production&#8221;. One of the most expensive systems is the CO2 tube which can be easily damaged without proper cooling (the cheapest ones use water or compressed air).<\/p>\n<p><img loading=\"lazy\" decoding=\"async\" class=\"size-full wp-image-1697 aligncenter\" src=\"https:\/\/dyor.webs.upv.es\/wp-content\/uploads\/2017\/04\/laser_cutting.jpg\" alt=\"\" width=\"275\" height=\"183\" srcset=\"https:\/\/dyor.webs.upv.es\/wp-content\/uploads\/2017\/04\/laser_cutting.jpg 275w, https:\/\/dyor.webs.upv.es\/wp-content\/uploads\/2017\/04\/laser_cutting-75x50.jpg 75w\" sizes=\"auto, (max-width: 275px) 100vw, 275px\" \/><\/p>\n<h3>Materials<\/h3>\n<p>They can cut many types of materials, it basically depends on the power and speed aplied during the cutting. Generally, we can used woods, FDM, acrylic plastics, methacrylate, among others&#8230;<\/p>\n<p><img loading=\"lazy\" decoding=\"async\" class=\"alignnone size-medium wp-image-1696 aligncenter\" src=\"https:\/\/dyor.webs.upv.es\/wp-content\/uploads\/2017\/04\/cortebox-180x300.jpg\" alt=\"\" width=\"180\" height=\"300\" srcset=\"https:\/\/dyor.webs.upv.es\/wp-content\/uploads\/2017\/04\/cortebox-180x300.jpg 180w, https:\/\/dyor.webs.upv.es\/wp-content\/uploads\/2017\/04\/cortebox-768x1277.jpg 768w, https:\/\/dyor.webs.upv.es\/wp-content\/uploads\/2017\/04\/cortebox-616x1024.jpg 616w, https:\/\/dyor.webs.upv.es\/wp-content\/uploads\/2017\/04\/cortebox.jpg 962w\" sizes=\"auto, (max-width: 180px) 100vw, 180px\" \/><\/p>\n<p style=\"text-align: center;\">Samples from <a href=\"http:\/\/cortebox.com\">Cortebox<\/a><\/p>\n<h3>Cautions<\/h3>\n<p>We can not use PVC materials, because they generate chlorine after heating which is highly corrosive, toxic and damages the machine. Eventually, and particularly working with wood, the material can start burning because of an inappropriate use, so we should be always be pending of the machine when cutting. In addition to this, the machine must include a safety mechanism that cuts the current of the laser when the lid is open, because it can damage our sight. As a consequence of the cutting process, many particles can be floating which can be dangerous if we breath them.<\/p>\n<h3>Related entries<\/h3>\n<p><div class=\"pt-cv-wrapper\"><div class=\"pt-cv-view pt-cv-grid pt-cv-colsys\" id=\"pt-cv-view-81dd0fesqe\"><div data-id=\"pt-cv-page-1\" class=\"pt-cv-page\" data-cvc=\"2\"><div class=\"col-md-6 col-sm-6 col-xs-12 pt-cv-content-item pt-cv-1-col\" ><div class='pt-cv-ifield'><a href=\"https:\/\/dyor.webs.upv.es\/en\/disenos-2d-corte-laser-3mm\/\" class=\"_self pt-cv-href-thumbnail pt-cv-thumb-default\" target=\"_self\" ><img loading=\"lazy\" decoding=\"async\" width=\"150\" height=\"150\" src=\"https:\/\/dyor.webs.upv.es\/wp-content\/uploads\/2021\/03\/dise\u00f1os_dyor_corte_laser-150x150.png\" class=\"pt-cv-thumbnail\" alt=\"\" \/><\/a>\n<h4 class=\"pt-cv-title\"><a href=\"https:\/\/dyor.webs.upv.es\/en\/disenos-2d-corte-laser-3mm\/\" class=\"_self\" target=\"_self\" >2D Robot Designs with Laser Cutting in 3mm<\/a><\/h4>\n<div class=\"pt-cv-content\">This post describes different 2D designs made with the DYOR, bPED and qPED robot and all its variants so far ...<br \/><div class=\"pt-cv-rmwrap\"><a href=\"https:\/\/dyor.webs.upv.es\/en\/disenos-2d-corte-laser-3mm\/\" class=\"_self pt-cv-readmore btn btn-success\" target=\"_self\">Leer M\u00e1s<\/a><\/div><\/div><\/div><\/div>\n<div class=\"col-md-6 col-sm-6 col-xs-12 pt-cv-content-item pt-cv-1-col\" ><div class='pt-cv-ifield'><a href=\"https:\/\/dyor.webs.upv.es\/en\/ensamblaje-dyor-bped-laser\/\" class=\"_self pt-cv-href-thumbnail pt-cv-thumb-default\" target=\"_self\" ><img loading=\"lazy\" decoding=\"async\" width=\"150\" height=\"150\" src=\"https:\/\/dyor.webs.upv.es\/wp-content\/uploads\/2017\/12\/DYOR_assembly-150x150.png\" class=\"pt-cv-thumbnail\" alt=\"\" srcset=\"https:\/\/dyor.webs.upv.es\/wp-content\/uploads\/2017\/12\/DYOR_assembly-150x150.png 150w, https:\/\/dyor.webs.upv.es\/wp-content\/uploads\/2017\/12\/DYOR_assembly-300x300.png 300w, https:\/\/dyor.webs.upv.es\/wp-content\/uploads\/2017\/12\/DYOR_assembly.png 447w\" sizes=\"auto, (max-width: 150px) 100vw, 150px\" \/><\/a>\n<h4 class=\"pt-cv-title\"><a href=\"https:\/\/dyor.webs.upv.es\/en\/ensamblaje-dyor-bped-laser\/\" class=\"_self\" target=\"_self\" >Assembly of DYOR bPED with Laser Cutting<\/a><\/h4>\n<div class=\"pt-cv-content\">In this entry, we describe the assembly of DYOR bPED (manufactured with Laser cutting). (more&hellip;) ...<br \/><div class=\"pt-cv-rmwrap\"><a href=\"https:\/\/dyor.webs.upv.es\/en\/ensamblaje-dyor-bped-laser\/\" class=\"_self pt-cv-readmore btn btn-success\" target=\"_self\">Leer M\u00e1s<\/a><\/div><\/div><\/div><\/div>\n<div class=\"col-md-6 col-sm-6 col-xs-12 pt-cv-content-item pt-cv-1-col\" ><div class='pt-cv-ifield'><a href=\"https:\/\/dyor.webs.upv.es\/en\/plantillas-cad-personalizar-dyor\/\" class=\"_self pt-cv-href-thumbnail pt-cv-thumb-default\" target=\"_self\" ><img loading=\"lazy\" decoding=\"async\" width=\"150\" height=\"150\" src=\"https:\/\/dyor.webs.upv.es\/wp-content\/uploads\/2017\/07\/plancha120x80-150x150.jpg\" class=\"pt-cv-thumbnail\" alt=\"\" \/><\/a>\n<h4 class=\"pt-cv-title\"><a href=\"https:\/\/dyor.webs.upv.es\/en\/plantillas-cad-personalizar-dyor\/\" class=\"_self\" target=\"_self\" >CAD templates for customizing DYOR robot<\/a><\/h4>\n<div class=\"pt-cv-content\">In this entry we will provide some templates to create CAD models to customize your DYOR robot. (more&hellip;) ...<br \/><div class=\"pt-cv-rmwrap\"><a href=\"https:\/\/dyor.webs.upv.es\/en\/plantillas-cad-personalizar-dyor\/\" class=\"_self pt-cv-readmore btn btn-success\" target=\"_self\">Leer M\u00e1s<\/a><\/div><\/div><\/div><\/div>\n<div class=\"col-md-6 col-sm-6 col-xs-12 pt-cv-content-item pt-cv-1-col\" ><div class='pt-cv-ifield'><a href=\"https:\/\/dyor.webs.upv.es\/en\/ensamblaje-dyor-footbot\/\" class=\"_self pt-cv-href-thumbnail pt-cv-thumb-default\" target=\"_self\" ><img loading=\"lazy\" decoding=\"async\" width=\"150\" height=\"150\" src=\"https:\/\/dyor.webs.upv.es\/wp-content\/uploads\/2017\/07\/dyor_football-150x150.png\" class=\"pt-cv-thumbnail\" alt=\"\" srcset=\"https:\/\/dyor.webs.upv.es\/wp-content\/uploads\/2017\/07\/dyor_football-150x150.png 150w, https:\/\/dyor.webs.upv.es\/wp-content\/uploads\/2017\/07\/dyor_football-300x300.png 300w, https:\/\/dyor.webs.upv.es\/wp-content\/uploads\/2017\/07\/dyor_football.png 537w\" sizes=\"auto, (max-width: 150px) 100vw, 150px\" \/><\/a>\n<h4 class=\"pt-cv-title\"><a href=\"https:\/\/dyor.webs.upv.es\/en\/ensamblaje-dyor-footbot\/\" class=\"_self\" target=\"_self\" >Assembly of DYOR FootBot<\/a><\/h4>\n<div class=\"pt-cv-content\">In this entry, we show the assembly of DYOR FootBot\u00a0with TinkerCAD and make with laser cutting: (more&hellip;) ...<br \/><div class=\"pt-cv-rmwrap\"><a href=\"https:\/\/dyor.webs.upv.es\/en\/ensamblaje-dyor-footbot\/\" class=\"_self pt-cv-readmore btn btn-success\" target=\"_self\">Leer M\u00e1s<\/a><\/div><\/div><\/div><\/div>\n<div class=\"col-md-6 col-sm-6 col-xs-12 pt-cv-content-item pt-cv-1-col\" ><div class='pt-cv-ifield'><a href=\"https:\/\/dyor.webs.upv.es\/en\/maquina-corte-laser\/\" class=\"_self pt-cv-href-thumbnail pt-cv-thumb-default\" target=\"_self\" ><img loading=\"lazy\" decoding=\"async\" width=\"150\" height=\"150\" src=\"https:\/\/dyor.webs.upv.es\/wp-content\/uploads\/2017\/05\/lasercutting-150x150.png\" class=\"pt-cv-thumbnail\" alt=\"\" srcset=\"https:\/\/dyor.webs.upv.es\/wp-content\/uploads\/2017\/05\/lasercutting-150x150.png 150w, https:\/\/dyor.webs.upv.es\/wp-content\/uploads\/2017\/05\/lasercutting-300x300.png 300w, https:\/\/dyor.webs.upv.es\/wp-content\/uploads\/2017\/05\/lasercutting.png 550w\" sizes=\"auto, (max-width: 150px) 100vw, 150px\" \/><\/a>\n<h4 class=\"pt-cv-title\"><a href=\"https:\/\/dyor.webs.upv.es\/en\/maquina-corte-laser\/\" class=\"_self\" target=\"_self\" >\u00bfC\u00f3mo utilizar una m\u00e1quina de corte por l\u00e1ser SW1290?<\/a><\/h4>\n<div class=\"pt-cv-content\">En esta entrada os mostraremos los c\u00f3mo utilizar una cortadora l\u00e1ser SW1290\u00a0y las precauciones que hay que tener. (more&hellip;) ...<br \/><div class=\"pt-cv-rmwrap\"><a href=\"https:\/\/dyor.webs.upv.es\/en\/maquina-corte-laser\/\" class=\"_self pt-cv-readmore btn btn-success\" target=\"_self\">Leer M\u00e1s<\/a><\/div><\/div><\/div><\/div>\n<div class=\"col-md-6 col-sm-6 col-xs-12 pt-cv-content-item pt-cv-1-col\" ><div class='pt-cv-ifield'><a href=\"https:\/\/dyor.webs.upv.es\/en\/dyor-corte-laser-tinkercad\/\" class=\"_self pt-cv-href-thumbnail pt-cv-thumb-default\" target=\"_self\" ><img loading=\"lazy\" decoding=\"async\" width=\"150\" height=\"150\" src=\"https:\/\/dyor.webs.upv.es\/wp-content\/uploads\/2017\/04\/DYOR-150x150.png\" class=\"pt-cv-thumbnail\" alt=\"\" srcset=\"https:\/\/dyor.webs.upv.es\/wp-content\/uploads\/2017\/04\/DYOR-150x150.png 150w, https:\/\/dyor.webs.upv.es\/wp-content\/uploads\/2017\/04\/DYOR-300x300.png 300w, https:\/\/dyor.webs.upv.es\/wp-content\/uploads\/2017\/04\/DYOR.png 571w\" sizes=\"auto, (max-width: 150px) 100vw, 150px\" \/><\/a>\n<h4 class=\"pt-cv-title\"><a href=\"https:\/\/dyor.webs.upv.es\/en\/dyor-corte-laser-tinkercad\/\" class=\"_self\" target=\"_self\" >Fabricaci\u00f3n del robot DYOR por corte por l\u00e1ser<\/a><\/h4>\n<div class=\"pt-cv-content\">Aprende a generar un fichero DXF para fabricar tu robot DYOR por corte por laser utilizando TinkerCAD y Inkscape. (more&hellip;) ...<br \/><div class=\"pt-cv-rmwrap\"><a href=\"https:\/\/dyor.webs.upv.es\/en\/dyor-corte-laser-tinkercad\/\" class=\"_self pt-cv-readmore btn btn-success\" target=\"_self\">Leer M\u00e1s<\/a><\/div><\/div><\/div><\/div>\n<div class=\"col-md-6 col-sm-6 col-xs-12 pt-cv-content-item pt-cv-1-col\" ><div class='pt-cv-ifield'><a href=\"https:\/\/dyor.webs.upv.es\/en\/diseno-cad-2d-dyor\/\" class=\"_self pt-cv-href-thumbnail pt-cv-thumb-default\" target=\"_self\" ><img loading=\"lazy\" decoding=\"async\" width=\"150\" height=\"150\" src=\"https:\/\/dyor.webs.upv.es\/wp-content\/uploads\/2017\/07\/dyor_completa-150x150.jpg\" class=\"pt-cv-thumbnail\" alt=\"\" \/><\/a>\n<h4 class=\"pt-cv-title\"><a href=\"https:\/\/dyor.webs.upv.es\/en\/diseno-cad-2d-dyor\/\" class=\"_self\" target=\"_self\" >2D QCAD Design of DYOR robot<\/a><\/h4>\n<div class=\"pt-cv-content\">In this entry we will show how to design the DYOR robot, step by step, using QCAD. (more&hellip;) ...<br \/><div class=\"pt-cv-rmwrap\"><a href=\"https:\/\/dyor.webs.upv.es\/en\/diseno-cad-2d-dyor\/\" class=\"_self pt-cv-readmore btn btn-success\" target=\"_self\">Leer M\u00e1s<\/a><\/div><\/div><\/div><\/div><\/div><\/div><\/div><\/p>","protected":false},"excerpt":{"rendered":"<p>Sorry, this entry is only available in Espa\u00f1ol.<\/p>\n","protected":false},"author":1,"featured_media":1697,"parent":0,"menu_order":0,"comment_status":"closed","ping_status":"closed","template":"","meta":{"footnotes":""},"class_list":["post-1695","page","type-page","status-publish","has-post-thumbnail","hentry"],"aioseo_notices":[],"jetpack_sharing_enabled":true,"jetpack-related-posts":[{"id":2001,"url":"https:\/\/dyor.webs.upv.es\/en\/inkscape\/","url_meta":{"origin":1695,"position":0},"title":"Inkscape","author":"soporte","date":"Sunday June 11th, 2017","format":false,"excerpt":"Inkscape is a vector graphics editor. It is not a CAD tool, such as QCAD or TinkerCAD, but can be used to design or customize DYOR robot. Laser cutting The aim is to create a shape of the robot for laser cutting it using Inkscape. Therefore, we should understand how\u2026","rel":"","context":"Similar post","block_context":{"text":"Similar post","link":""},"img":{"alt_text":"","src":"https:\/\/i0.wp.com\/dyor.webs.upv.es\/wp-content\/uploads\/2017\/06\/Inkscape_Logo.png?resize=350%2C200&ssl=1","width":350,"height":200,"srcset":"https:\/\/i0.wp.com\/dyor.webs.upv.es\/wp-content\/uploads\/2017\/06\/Inkscape_Logo.png?resize=350%2C200&ssl=1 1x, https:\/\/i0.wp.com\/dyor.webs.upv.es\/wp-content\/uploads\/2017\/06\/Inkscape_Logo.png?resize=525%2C300&ssl=1 1.5x, https:\/\/i0.wp.com\/dyor.webs.upv.es\/wp-content\/uploads\/2017\/06\/Inkscape_Logo.png?resize=700%2C400&ssl=1 2x, https:\/\/i0.wp.com\/dyor.webs.upv.es\/wp-content\/uploads\/2017\/06\/Inkscape_Logo.png?resize=1050%2C600&ssl=1 3x"},"classes":[]},{"id":889,"url":"https:\/\/dyor.webs.upv.es\/en\/qcad-blogs\/","url_meta":{"origin":1695,"position":1},"title":"QCAD","author":"soporte","date":"Wednesday February 22nd, 2017","format":false,"excerpt":"QCAD is a CAD design tool simple to use and free (at least its basic functionality, there are versions that limit working time to 15 minutes, but other versions allow you to work continuously, but after 15 minutes disable some advanced features). We will assume from this point that you\u2026","rel":"","context":"Similar post","block_context":{"text":"Similar post","link":""},"img":{"alt_text":"","src":"","width":0,"height":0},"classes":[]},{"id":17,"url":"https:\/\/dyor.webs.upv.es\/en\/fabricacion\/","url_meta":{"origin":1695,"position":2},"title":"Maker","author":"soporte","date":"Saturday February 11th, 2017","format":false,"excerpt":"DYOR robot can be made using serveral digital fabrication techniques. In particular, we propose the use of three different options that can be done either at home or at the classroom: 3d printing, laser cutting, silicone moulding & resins. Select the type of technique you are interested in: 3D Printing\u2026","rel":"","context":"Similar post","block_context":{"text":"Similar post","link":""},"img":{"alt_text":"","src":"https:\/\/i0.wp.com\/dyor.webs.upv.es\/wp-content\/uploads\/2017\/02\/3d-impresora.png?resize=350%2C200&ssl=1","width":350,"height":200},"classes":[]},{"id":894,"url":"https:\/\/dyor.webs.upv.es\/en\/tinkercad-blogs\/","url_meta":{"origin":1695,"position":3},"title":"TinkerCAD","author":"soporte","date":"Wednesday February 22nd, 2017","format":false,"excerpt":"Learn how to design your DYOR robot with TinkerCAD, a program developed by AutoDesk, designed for children and\/or CAD starters to be able to start designing parts for 3d printing or laser cutting. The CAD design with TinkerCAD requires first to create a user is (free). We will assume that\u2026","rel":"","context":"Similar post","block_context":{"text":"Similar post","link":""},"img":{"alt_text":"","src":"","width":0,"height":0},"classes":[]},{"id":3168,"url":"https:\/\/dyor.webs.upv.es\/en\/dyor-bped\/","url_meta":{"origin":1695,"position":4},"title":"DYOR bPED","author":"soporte","date":"Saturday April 14th, 2018","format":false,"excerpt":"DYOR bPED is a simple walking robot designed to estimulate passion for robotics and technology for the smallest ones. It's electronics are very easy to connect and due to it's low cost, it's ideal for first stages of high-school or extra-curricula activities or robotic workshops. Which models can I use?\u2026","rel":"","context":"Similar post","block_context":{"text":"Similar post","link":""},"img":{"alt_text":"","src":"https:\/\/i0.wp.com\/dyor.webs.upv.es\/wp-content\/uploads\/2018\/01\/bPED_square.png?resize=350%2C200&ssl=1","width":350,"height":200},"classes":[]},{"id":4368,"url":"https:\/\/dyor.webs.upv.es\/en\/dyor-pro\/","url_meta":{"origin":1695,"position":5},"title":"DYOR Pro","author":"soporte","date":"Friday March  8th, 2019","format":false,"excerpt":"Sorry, this entry is only available in Espa\u00f1ol.","rel":"","context":"Similar post","block_context":{"text":"Similar post","link":""},"img":{"alt_text":"","src":"https:\/\/i0.wp.com\/dyor.webs.upv.es\/wp-content\/uploads\/2018\/04\/DYOR_PRO-e1524471246546.png?resize=350%2C200&ssl=1","width":350,"height":200,"srcset":"https:\/\/i0.wp.com\/dyor.webs.upv.es\/wp-content\/uploads\/2018\/04\/DYOR_PRO-e1524471246546.png?resize=350%2C200&ssl=1 1x, https:\/\/i0.wp.com\/dyor.webs.upv.es\/wp-content\/uploads\/2018\/04\/DYOR_PRO-e1524471246546.png?resize=525%2C300&ssl=1 1.5x, https:\/\/i0.wp.com\/dyor.webs.upv.es\/wp-content\/uploads\/2018\/04\/DYOR_PRO-e1524471246546.png?resize=700%2C400&ssl=1 2x"},"classes":[]}],"jetpack_likes_enabled":true,"_links":{"self":[{"href":"https:\/\/dyor.webs.upv.es\/en\/wp-json\/wp\/v2\/pages\/1695","targetHints":{"allow":["GET"]}}],"collection":[{"href":"https:\/\/dyor.webs.upv.es\/en\/wp-json\/wp\/v2\/pages"}],"about":[{"href":"https:\/\/dyor.webs.upv.es\/en\/wp-json\/wp\/v2\/types\/page"}],"author":[{"embeddable":true,"href":"https:\/\/dyor.webs.upv.es\/en\/wp-json\/wp\/v2\/users\/1"}],"replies":[{"embeddable":true,"href":"https:\/\/dyor.webs.upv.es\/en\/wp-json\/wp\/v2\/comments?post=1695"}],"version-history":[{"count":0,"href":"https:\/\/dyor.webs.upv.es\/en\/wp-json\/wp\/v2\/pages\/1695\/revisions"}],"wp:featuredmedia":[{"embeddable":true,"href":"https:\/\/dyor.webs.upv.es\/en\/wp-json\/wp\/v2\/media\/1697"}],"wp:attachment":[{"href":"https:\/\/dyor.webs.upv.es\/en\/wp-json\/wp\/v2\/media?parent=1695"}],"curies":[{"name":"wp","href":"https:\/\/api.w.org\/{rel}","templated":true}]}}