
{"id":1914,"date":"2017-05-29T07:47:19","date_gmt":"2017-05-29T07:47:19","guid":{"rendered":"http:\/\/dyor.roboticafacil.es\/?page_id=1914"},"modified":"2020-09-12T08:29:30","modified_gmt":"2020-09-12T08:29:30","slug":"arduino","status":"publish","type":"page","link":"https:\/\/dyor.webs.upv.es\/en\/arduino\/","title":{"rendered":"Arduino"},"content":{"rendered":"<p>Discover Arduino and Arduino-related electronics.<\/p>\n<p><!--more--><\/p>\n<p>Here you can find entry related with Arduino:<\/p>\n<div class=\"pt-cv-wrapper\"><div class=\"pt-cv-view pt-cv-grid pt-cv-colsys\" id=\"pt-cv-view-0ca73b4ndq\"><div data-id=\"pt-cv-page-1\" class=\"pt-cv-page\" data-cvc=\"2\"><div class=\"col-md-6 col-sm-6 col-xs-12 pt-cv-content-item pt-cv-1-col\" ><div class='pt-cv-ifield'><a href=\"https:\/\/dyor.webs.upv.es\/en\/seguilineas\/\" class=\"_self pt-cv-href-thumbnail pt-cv-thumb-default\" target=\"_self\" ><img loading=\"lazy\" decoding=\"async\" width=\"150\" height=\"150\" src=\"https:\/\/dyor.webs.upv.es\/wp-content\/uploads\/2017\/02\/da41244435caff5a853c2521b72dcfc1_store_image-150x150.jpg\" class=\"pt-cv-thumbnail\" alt=\"\" srcset=\"https:\/\/dyor.webs.upv.es\/wp-content\/uploads\/2017\/02\/da41244435caff5a853c2521b72dcfc1_store_image-150x150.jpg 150w, https:\/\/dyor.webs.upv.es\/wp-content\/uploads\/2017\/02\/da41244435caff5a853c2521b72dcfc1_store_image-e1522992839821.jpg 128w\" sizes=\"auto, (max-width: 150px) 100vw, 150px\" \/><\/a>\n<h4 class=\"pt-cv-title\"><a href=\"https:\/\/dyor.webs.upv.es\/en\/seguilineas\/\" class=\"_self\" target=\"_self\" >TCRT5000 Module (linetracker)<\/a><\/h4>\n<div class=\"pt-cv-content\">Learn how to use the light module (linetracker). DYOR robot uses this module to track lines on the ground using the contrast (between black and white). Working principle, connection diagrams and programming examples with Facilino and Arduino. (more&hellip;) ...<br \/><div class=\"pt-cv-rmwrap\"><a href=\"https:\/\/dyor.webs.upv.es\/en\/seguilineas\/\" class=\"_self pt-cv-readmore btn btn-success\" target=\"_self\">Leer M\u00e1s<\/a><\/div><\/div><\/div><\/div>\n<div class=\"col-md-6 col-sm-6 col-xs-12 pt-cv-content-item pt-cv-1-col\" ><div class='pt-cv-ifield'><a href=\"https:\/\/dyor.webs.upv.es\/en\/zumbador\/\" class=\"_self pt-cv-href-thumbnail pt-cv-thumb-default\" target=\"_self\" ><img loading=\"lazy\" decoding=\"async\" width=\"150\" height=\"150\" src=\"https:\/\/dyor.webs.upv.es\/wp-content\/uploads\/2017\/02\/40ccb9bb3cfdfd22f041f55f127e7638_store_image-150x150.jpg\" class=\"pt-cv-thumbnail\" alt=\"\" srcset=\"https:\/\/dyor.webs.upv.es\/wp-content\/uploads\/2017\/02\/40ccb9bb3cfdfd22f041f55f127e7638_store_image-150x150.jpg 150w, https:\/\/dyor.webs.upv.es\/wp-content\/uploads\/2017\/02\/40ccb9bb3cfdfd22f041f55f127e7638_store_image-e1522992873954.jpg 128w\" sizes=\"auto, (max-width: 150px) 100vw, 150px\" \/><\/a>\n<h4 class=\"pt-cv-title\"><a href=\"https:\/\/dyor.webs.upv.es\/en\/zumbador\/\" class=\"_self\" target=\"_self\" >M\u00f3dulo de sonido (zumbador)<\/a><\/h4>\n<div class=\"pt-cv-content\">Aprende a utilizar el m\u00f3dulo de sonido (zumbador pasivo). El robot DYOR utiliza este m\u00f3dulo para generar sonidos, crear partituras musicales o reproducir algunas ya existentes, as\u00ed como poder reproducir voz. Principio de funcionamiento, diagramas de conexi\u00f3n y ejemplos de ...<br \/><div class=\"pt-cv-rmwrap\"><a href=\"https:\/\/dyor.webs.upv.es\/en\/zumbador\/\" class=\"_self pt-cv-readmore btn btn-success\" target=\"_self\">Leer M\u00e1s<\/a><\/div><\/div><\/div><\/div>\n<div class=\"col-md-6 col-sm-6 col-xs-12 pt-cv-content-item pt-cv-1-col\" ><div class='pt-cv-ifield'><a href=\"https:\/\/dyor.webs.upv.es\/en\/matriz-de-leds-8x8-max7219\/\" class=\"_self pt-cv-href-thumbnail pt-cv-thumb-default\" target=\"_self\" ><img loading=\"lazy\" decoding=\"async\" width=\"150\" height=\"150\" src=\"https:\/\/dyor.webs.upv.es\/wp-content\/uploads\/2017\/02\/uno-150x150.png\" class=\"pt-cv-thumbnail\" alt=\"\" \/><\/a>\n<h4 class=\"pt-cv-title\"><a href=\"https:\/\/dyor.webs.upv.es\/en\/matriz-de-leds-8x8-max7219\/\" class=\"_self\" target=\"_self\" >8&#215;8 LEDs Matrix (Max7219)<\/a><\/h4>\n<div class=\"pt-cv-content\">Learn how to use a 8&#215;8 LEDs matrix (max7219). DYOR robot has a LEDs matrix to generate expressions (as a mouth). We describe it&#8217;s working principle and examples of use with de uso con Facilino and Arduino. (more&hellip;) ...<br \/><div class=\"pt-cv-rmwrap\"><a href=\"https:\/\/dyor.webs.upv.es\/en\/matriz-de-leds-8x8-max7219\/\" class=\"_self pt-cv-readmore btn btn-success\" target=\"_self\">Leer M\u00e1s<\/a><\/div><\/div><\/div><\/div>\n<div class=\"col-md-6 col-sm-6 col-xs-12 pt-cv-content-item pt-cv-1-col\" ><div class='pt-cv-ifield'><a href=\"https:\/\/dyor.webs.upv.es\/en\/sensor-distancia\/\" class=\"_self pt-cv-href-thumbnail pt-cv-thumb-default\" target=\"_self\" ><img loading=\"lazy\" decoding=\"async\" width=\"150\" height=\"150\" src=\"https:\/\/dyor.webs.upv.es\/wp-content\/uploads\/2017\/02\/51b50f3a2f7eb2d38621e93af62dd49e_store_thumb-150x150.jpg\" class=\"pt-cv-thumbnail\" alt=\"\" srcset=\"https:\/\/dyor.webs.upv.es\/wp-content\/uploads\/2017\/02\/51b50f3a2f7eb2d38621e93af62dd49e_store_thumb-150x150.jpg 150w, https:\/\/dyor.webs.upv.es\/wp-content\/uploads\/2017\/02\/51b50f3a2f7eb2d38621e93af62dd49e_store_thumb.jpg 200w\" sizes=\"auto, (max-width: 150px) 100vw, 150px\" \/><\/a>\n<h4 class=\"pt-cv-title\"><a href=\"https:\/\/dyor.webs.upv.es\/en\/sensor-distancia\/\" class=\"_self\" target=\"_self\" >Ultrasound sensor HC-SR04<\/a><\/h4>\n<div class=\"pt-cv-content\">Learn how to use the ultrasound (sonar) sensor HC-SR04. DYOR robot uses this sensor to detect obstacles and measure distances. Working principle, connection diagrama and programming example with Facilino. (more&hellip;) ...<br \/><div class=\"pt-cv-rmwrap\"><a href=\"https:\/\/dyor.webs.upv.es\/en\/sensor-distancia\/\" class=\"_self pt-cv-readmore btn btn-success\" target=\"_self\">Leer M\u00e1s<\/a><\/div><\/div><\/div><\/div>\n<div class=\"col-md-6 col-sm-6 col-xs-12 pt-cv-content-item pt-cv-1-col\" ><div class='pt-cv-ifield'><a href=\"https:\/\/dyor.webs.upv.es\/en\/bluetooth-hc-06\/\" class=\"_self pt-cv-href-thumbnail pt-cv-thumb-default\" target=\"_self\" ><img loading=\"lazy\" decoding=\"async\" width=\"150\" height=\"150\" src=\"https:\/\/dyor.webs.upv.es\/wp-content\/uploads\/2017\/02\/99c5c90a5ccc0d0060e8570f5335366d_190x190-150x150.jpg\" class=\"pt-cv-thumbnail\" alt=\"\" srcset=\"https:\/\/dyor.webs.upv.es\/wp-content\/uploads\/2017\/02\/99c5c90a5ccc0d0060e8570f5335366d_190x190-150x150.jpg 150w, https:\/\/dyor.webs.upv.es\/wp-content\/uploads\/2017\/02\/99c5c90a5ccc0d0060e8570f5335366d_190x190.jpg 190w\" sizes=\"auto, (max-width: 150px) 100vw, 150px\" \/><\/a>\n<h4 class=\"pt-cv-title\"><a href=\"https:\/\/dyor.webs.upv.es\/en\/bluetooth-hc-06\/\" class=\"_self\" target=\"_self\" >Bluetooth HC-06<\/a><\/h4>\n<div class=\"pt-cv-content\">Learn how to use the bluetooth module HC-06. DYOR robot uses this module to communicate with an external device, such as a mobile phone to be remotely controlled. Working principle, connection diagrams and Facilino programming example with Arduino Nano. (more&hellip;) ...<br \/><div class=\"pt-cv-rmwrap\"><a href=\"https:\/\/dyor.webs.upv.es\/en\/bluetooth-hc-06\/\" class=\"_self pt-cv-readmore btn btn-success\" target=\"_self\">Leer M\u00e1s<\/a><\/div><\/div><\/div><\/div>\n<div class=\"col-md-6 col-sm-6 col-xs-12 pt-cv-content-item pt-cv-1-col\" ><div class='pt-cv-ifield'><a href=\"https:\/\/dyor.webs.upv.es\/en\/servo-360o\/\" class=\"_self pt-cv-href-thumbnail pt-cv-thumb-default\" target=\"_self\" ><img loading=\"lazy\" decoding=\"async\" width=\"150\" height=\"150\" src=\"https:\/\/dyor.webs.upv.es\/wp-content\/uploads\/2017\/02\/f182527bbf1795ef17fd4200fe021fae_gallery-150x150.jpg\" class=\"pt-cv-thumbnail\" alt=\"\" \/><\/a>\n<h4 class=\"pt-cv-title\"><a href=\"https:\/\/dyor.webs.upv.es\/en\/servo-360o\/\" class=\"_self\" target=\"_self\" >360\u00ba Servo  (continuous rotation)<\/a><\/h4>\n<div class=\"pt-cv-content\">Learn how to use a 360\u00ba servo (continuous rotation). Classic DYOR robot uses FS90R servos to control the wheel movement. Working principle, connection diagram and programming example with Facilino y Arduino. (more&hellip;) ...<br \/><div class=\"pt-cv-rmwrap\"><a href=\"https:\/\/dyor.webs.upv.es\/en\/servo-360o\/\" class=\"_self pt-cv-readmore btn btn-success\" target=\"_self\">Leer M\u00e1s<\/a><\/div><\/div><\/div><\/div>\n<div class=\"col-md-6 col-sm-6 col-xs-12 pt-cv-content-item pt-cv-1-col\" ><div class='pt-cv-ifield'><a href=\"https:\/\/dyor.webs.upv.es\/en\/servo\/\" class=\"_self pt-cv-href-thumbnail pt-cv-thumb-default\" target=\"_self\" ><img loading=\"lazy\" decoding=\"async\" width=\"150\" height=\"150\" src=\"https:\/\/dyor.webs.upv.es\/wp-content\/uploads\/2017\/02\/e795ebc63a1f0bfee495303b5de29855_gallery-150x150.jpg\" class=\"pt-cv-thumbnail\" alt=\"\" srcset=\"https:\/\/dyor.webs.upv.es\/wp-content\/uploads\/2017\/02\/e795ebc63a1f0bfee495303b5de29855_gallery-150x150.jpg 150w, https:\/\/dyor.webs.upv.es\/wp-content\/uploads\/2017\/02\/e795ebc63a1f0bfee495303b5de29855_gallery-300x300.jpg 300w, https:\/\/dyor.webs.upv.es\/wp-content\/uploads\/2017\/02\/e795ebc63a1f0bfee495303b5de29855_gallery.jpg 600w\" sizes=\"auto, (max-width: 150px) 100vw, 150px\" \/><\/a>\n<h4 class=\"pt-cv-title\"><a href=\"https:\/\/dyor.webs.upv.es\/en\/servo\/\" class=\"_self\" target=\"_self\" >Servo<\/a><\/h4>\n<div class=\"pt-cv-content\">Learn how to use a Servo. DYOR robots use SG90 or TS90M servos to control movement of their grips or legs. Here we explain the working principle, connection diagrams and programming examples with Facilino and Arduino and ESP processors. (more&hellip;) ...<br \/><div class=\"pt-cv-rmwrap\"><a href=\"https:\/\/dyor.webs.upv.es\/en\/servo\/\" class=\"_self pt-cv-readmore btn btn-success\" target=\"_self\">Leer M\u00e1s<\/a><\/div><\/div><\/div><\/div>\n<div class=\"col-md-6 col-sm-6 col-xs-12 pt-cv-content-item pt-cv-1-col\" ><div class='pt-cv-ifield'><a href=\"https:\/\/dyor.webs.upv.es\/en\/arduino-intro\/\" class=\"_self pt-cv-href-thumbnail pt-cv-thumb-default\" target=\"_self\" ><img loading=\"lazy\" decoding=\"async\" width=\"150\" height=\"150\" src=\"https:\/\/dyor.webs.upv.es\/wp-content\/uploads\/2017\/02\/3a2814ab12608d7ba29da322c2f1f644_store_image-150x150.jpg\" class=\"pt-cv-thumbnail\" alt=\"\" \/><\/a>\n<h4 class=\"pt-cv-title\"><a href=\"https:\/\/dyor.webs.upv.es\/en\/arduino-intro\/\" class=\"_self\" target=\"_self\" >Introduction to Arduino<\/a><\/h4>\n<div class=\"pt-cv-content\">Learn how to use Arduino, selection criteria, handling of basic inpunt and output, connection diagrams and some basic programming examples with Facilino. (more&hellip;) ...<br \/><div class=\"pt-cv-rmwrap\"><a href=\"https:\/\/dyor.webs.upv.es\/en\/arduino-intro\/\" class=\"_self pt-cv-readmore btn btn-success\" target=\"_self\">Leer M\u00e1s<\/a><\/div><\/div><\/div><\/div><\/div><\/div><\/div>\n<p>&nbsp;<\/p>","protected":false},"excerpt":{"rendered":"<p>Sorry, this entry is only available in Espa\u00f1ol.<\/p>\n","protected":false},"author":1,"featured_media":1915,"parent":0,"menu_order":0,"comment_status":"closed","ping_status":"closed","template":"","meta":{"footnotes":""},"class_list":["post-1914","page","type-page","status-publish","has-post-thumbnail","hentry"],"aioseo_notices":[],"jetpack_sharing_enabled":true,"jetpack-related-posts":[{"id":702,"url":"https:\/\/dyor.webs.upv.es\/en\/facilino-info\/","url_meta":{"origin":1914,"position":0},"title":"Facilino","author":"soporte","date":"Wednesday February 15th, 2017","format":false,"excerpt":"Facilino is a block programming tool based on Blockly which can be used to program Arduino and ESP microcontrollers. It can be used to program DYOR robot and for many other purposed. Blockly is a tool develped by Google with a very broad purpose which has been designed to make\u2026","rel":"","context":"Similar post","block_context":{"text":"Similar post","link":""},"img":{"alt_text":"","src":"https:\/\/i0.wp.com\/dyor.webs.upv.es\/wp-content\/uploads\/2017\/02\/Facilino_logo_vectorial.jpg?resize=350%2C200&ssl=1","width":350,"height":200,"srcset":"https:\/\/i0.wp.com\/dyor.webs.upv.es\/wp-content\/uploads\/2017\/02\/Facilino_logo_vectorial.jpg?resize=350%2C200&ssl=1 1x, https:\/\/i0.wp.com\/dyor.webs.upv.es\/wp-content\/uploads\/2017\/02\/Facilino_logo_vectorial.jpg?resize=525%2C300&ssl=1 1.5x, https:\/\/i0.wp.com\/dyor.webs.upv.es\/wp-content\/uploads\/2017\/02\/Facilino_logo_vectorial.jpg?resize=700%2C400&ssl=1 2x"},"classes":[]},{"id":4368,"url":"https:\/\/dyor.webs.upv.es\/en\/dyor-pro\/","url_meta":{"origin":1914,"position":1},"title":"DYOR Pro","author":"soporte","date":"Friday March  8th, 2019","format":false,"excerpt":"Sorry, this entry is only available in Espa\u00f1ol.","rel":"","context":"Similar post","block_context":{"text":"Similar post","link":""},"img":{"alt_text":"","src":"https:\/\/i0.wp.com\/dyor.webs.upv.es\/wp-content\/uploads\/2018\/04\/DYOR_PRO-e1524471246546.png?resize=350%2C200&ssl=1","width":350,"height":200,"srcset":"https:\/\/i0.wp.com\/dyor.webs.upv.es\/wp-content\/uploads\/2018\/04\/DYOR_PRO-e1524471246546.png?resize=350%2C200&ssl=1 1x, https:\/\/i0.wp.com\/dyor.webs.upv.es\/wp-content\/uploads\/2018\/04\/DYOR_PRO-e1524471246546.png?resize=525%2C300&ssl=1 1.5x, https:\/\/i0.wp.com\/dyor.webs.upv.es\/wp-content\/uploads\/2018\/04\/DYOR_PRO-e1524471246546.png?resize=700%2C400&ssl=1 2x"},"classes":[]},{"id":3168,"url":"https:\/\/dyor.webs.upv.es\/en\/dyor-bped\/","url_meta":{"origin":1914,"position":2},"title":"DYOR bPED","author":"soporte","date":"Saturday April 14th, 2018","format":false,"excerpt":"DYOR bPED is a simple walking robot designed to estimulate passion for robotics and technology for the smallest ones. It's electronics are very easy to connect and due to it's low cost, it's ideal for first stages of high-school or extra-curricula activities or robotic workshops. Which models can I use?\u2026","rel":"","context":"Similar post","block_context":{"text":"Similar post","link":""},"img":{"alt_text":"","src":"https:\/\/i0.wp.com\/dyor.webs.upv.es\/wp-content\/uploads\/2018\/01\/bPED_square.png?resize=350%2C200&ssl=1","width":350,"height":200},"classes":[]},{"id":2986,"url":"https:\/\/dyor.webs.upv.es\/en\/dyor-pinzas\/","url_meta":{"origin":1914,"position":3},"title":"DYOR (Gripper)","author":"soporte","date":"Friday April  6th, 2018","format":false,"excerpt":"Among these models, we can find the original DYOR design, a robot with two wheels controlled with continuous rotation servos and a gripper, based on LEGO parts, that can be individually controlled with two servo motors. In addition to this, it also includes a LEDs matrix to generate expressions, a\u2026","rel":"","context":"Similar post","block_context":{"text":"Similar post","link":""},"img":{"alt_text":"","src":"https:\/\/i0.wp.com\/dyor.webs.upv.es\/wp-content\/uploads\/2017\/02\/80784b09e65c66d86cce0729b123a334_store_image.png?resize=350%2C200&ssl=1","width":350,"height":200},"classes":[]},{"id":21,"url":"https:\/\/dyor.webs.upv.es\/en\/electronica\/","url_meta":{"origin":1914,"position":4},"title":"Electronics","author":"soporte","date":"Saturday February 11th, 2017","format":false,"excerpt":"Learn how to design simple electronic sketches with Arduino and Fritzing. Most of the electronic design that we propose do not require soldering, so they can be easily done at home or at the classroom. Here we include several categories related with the electronics, their connection and assembly and programming.\u2026","rel":"","context":"Similar post","block_context":{"text":"Similar post","link":""},"img":{"alt_text":"","src":"","width":0,"height":0},"classes":[]},{"id":3164,"url":"https:\/\/dyor.webs.upv.es\/en\/dyor-cola\/","url_meta":{"origin":1914,"position":5},"title":"DYOR (Tail)","author":"soporte","date":"Saturday April 14th, 2018","format":false,"excerpt":"These models have almost the same electronics as the original DYOR Robot. However, their configuration is slightly different, because instead of a gripper, they move their tail. It's a robot with two front wheels controlled with continuous rotation servos and a standard servo to move the tail. In addition to\u2026","rel":"","context":"Similar post","block_context":{"text":"Similar post","link":""},"img":{"alt_text":"","src":"https:\/\/i0.wp.com\/dyor.webs.upv.es\/wp-content\/uploads\/2018\/03\/goku_assembly.png?resize=350%2C200&ssl=1","width":350,"height":200},"classes":[]}],"jetpack_likes_enabled":true,"_links":{"self":[{"href":"https:\/\/dyor.webs.upv.es\/en\/wp-json\/wp\/v2\/pages\/1914","targetHints":{"allow":["GET"]}}],"collection":[{"href":"https:\/\/dyor.webs.upv.es\/en\/wp-json\/wp\/v2\/pages"}],"about":[{"href":"https:\/\/dyor.webs.upv.es\/en\/wp-json\/wp\/v2\/types\/page"}],"author":[{"embeddable":true,"href":"https:\/\/dyor.webs.upv.es\/en\/wp-json\/wp\/v2\/users\/1"}],"replies":[{"embeddable":true,"href":"https:\/\/dyor.webs.upv.es\/en\/wp-json\/wp\/v2\/comments?post=1914"}],"version-history":[{"count":3,"href":"https:\/\/dyor.webs.upv.es\/en\/wp-json\/wp\/v2\/pages\/1914\/revisions"}],"predecessor-version":[{"id":5338,"href":"https:\/\/dyor.webs.upv.es\/en\/wp-json\/wp\/v2\/pages\/1914\/revisions\/5338"}],"wp:featuredmedia":[{"embeddable":true,"href":"https:\/\/dyor.webs.upv.es\/en\/wp-json\/wp\/v2\/media\/1915"}],"wp:attachment":[{"href":"https:\/\/dyor.webs.upv.es\/en\/wp-json\/wp\/v2\/media?parent=1914"}],"curies":[{"name":"wp","href":"https:\/\/api.w.org\/{rel}","templated":true}]}}