
{"id":1918,"date":"2017-05-29T07:54:34","date_gmt":"2017-05-29T07:54:34","guid":{"rendered":"http:\/\/dyor.roboticafacil.es\/?page_id=1918"},"modified":"2018-06-16T18:34:11","modified_gmt":"2018-06-16T18:34:11","slug":"fritzing-blogs","status":"publish","type":"page","link":"https:\/\/dyor.webs.upv.es\/en\/fritzing-blogs\/","title":{"rendered":"Fritzing"},"content":{"rendered":"<p>Learn how to create diagrams, simple electronic circuits and printed circuit boards (PCBs) with Fritzing.<\/p>\n<p><!--more--><\/p>\n<p>Here we show related entries:<\/p>\n<p><div class=\"pt-cv-wrapper\"><div class=\"pt-cv-view pt-cv-grid pt-cv-colsys\" id=\"pt-cv-view-373ab9deld\"><div data-id=\"pt-cv-page-1\" class=\"pt-cv-page\" data-cvc=\"2\"><div class=\"col-md-6 col-sm-6 col-xs-12 pt-cv-content-item pt-cv-1-col\" ><div class='pt-cv-ifield'><a href=\"https:\/\/dyor.webs.upv.es\/en\/creacion-de-circuitos-impresos-con-medios-caseros\/\" class=\"_self pt-cv-href-thumbnail pt-cv-thumb-default\" target=\"_self\" ><img loading=\"lazy\" decoding=\"async\" width=\"150\" height=\"150\" src=\"https:\/\/dyor.webs.upv.es\/wp-content\/uploads\/2018\/04\/pcb_casero-150x150.png\" class=\"pt-cv-thumbnail\" alt=\"\" srcset=\"https:\/\/dyor.webs.upv.es\/wp-content\/uploads\/2018\/04\/pcb_casero-150x150.png 150w, https:\/\/dyor.webs.upv.es\/wp-content\/uploads\/2018\/04\/pcb_casero.png 300w\" sizes=\"auto, (max-width: 150px) 100vw, 150px\" \/><\/a>\n<h4 class=\"pt-cv-title\"><a href=\"https:\/\/dyor.webs.upv.es\/en\/creacion-de-circuitos-impresos-con-medios-caseros\/\" class=\"_self\" target=\"_self\" >Creaci\u00f3n de circuitos impresos con medios caseros<\/a><\/h4>\n<div class=\"pt-cv-content\">En esta entrada se describir\u00e1 el proceso de crear circuitos impresos utilizando medios caseros. (more&hellip;) ...<br \/><div class=\"pt-cv-rmwrap\"><a href=\"https:\/\/dyor.webs.upv.es\/en\/creacion-de-circuitos-impresos-con-medios-caseros\/\" class=\"_self pt-cv-readmore btn btn-success\" target=\"_self\">Leer M\u00e1s<\/a><\/div><\/div><\/div><\/div>\n<div class=\"col-md-6 col-sm-6 col-xs-12 pt-cv-content-item pt-cv-1-col\" ><div class='pt-cv-ifield'><a href=\"https:\/\/dyor.webs.upv.es\/en\/diseno-fritzing\/\" class=\"_self pt-cv-href-thumbnail pt-cv-thumb-default\" target=\"_self\" ><img loading=\"lazy\" decoding=\"async\" width=\"150\" height=\"150\" src=\"https:\/\/dyor.webs.upv.es\/wp-content\/uploads\/2017\/07\/fritzing-150x150.png\" class=\"pt-cv-thumbnail\" alt=\"\" srcset=\"https:\/\/dyor.webs.upv.es\/wp-content\/uploads\/2017\/07\/fritzing-150x150.png 150w, https:\/\/dyor.webs.upv.es\/wp-content\/uploads\/2017\/07\/fritzing.png 224w\" sizes=\"auto, (max-width: 150px) 100vw, 150px\" \/><\/a>\n<h4 class=\"pt-cv-title\"><a href=\"https:\/\/dyor.webs.upv.es\/en\/diseno-fritzing\/\" class=\"_self\" target=\"_self\" >Dise\u00f1o de circuitos electr\u00f3nicos en Fritzing<\/a><\/h4>\n<div class=\"pt-cv-content\">En esta entrada se explicar\u00e1 el manejo b\u00e1sico de la vista de Protoboard, Esquem\u00e1tico y PCB en Fritzing para el ...<br \/><div class=\"pt-cv-rmwrap\"><a href=\"https:\/\/dyor.webs.upv.es\/en\/diseno-fritzing\/\" class=\"_self pt-cv-readmore btn btn-success\" target=\"_self\">Leer M\u00e1s<\/a><\/div><\/div><\/div><\/div>\n<div class=\"col-md-6 col-sm-6 col-xs-12 pt-cv-content-item pt-cv-1-col\" ><div class='pt-cv-ifield'><a href=\"https:\/\/dyor.webs.upv.es\/en\/dyor-fritzing\/\" class=\"_self pt-cv-href-thumbnail pt-cv-thumb-default\" target=\"_self\" ><img loading=\"lazy\" decoding=\"async\" width=\"150\" height=\"150\" src=\"https:\/\/dyor.webs.upv.es\/wp-content\/uploads\/2017\/05\/fritzing_libreria-150x150.png\" class=\"pt-cv-thumbnail\" alt=\"\" srcset=\"https:\/\/dyor.webs.upv.es\/wp-content\/uploads\/2017\/05\/fritzing_libreria-150x150.png 150w, https:\/\/dyor.webs.upv.es\/wp-content\/uploads\/2017\/05\/fritzing_libreria.png 224w\" sizes=\"auto, (max-width: 150px) 100vw, 150px\" \/><\/a>\n<h4 class=\"pt-cv-title\"><a href=\"https:\/\/dyor.webs.upv.es\/en\/dyor-fritzing\/\" class=\"_self\" target=\"_self\" >Librer\u00eda Fritzing de componentes de DYOR<\/a><\/h4>\n<div class=\"pt-cv-content\">En esta entrada se recoge un conjunto de componentes de Fritzing que no est\u00e1n en la distribuci\u00f3n oficial (o que ...<br \/><div class=\"pt-cv-rmwrap\"><a href=\"https:\/\/dyor.webs.upv.es\/en\/dyor-fritzing\/\" class=\"_self pt-cv-readmore btn btn-success\" target=\"_self\">Leer M\u00e1s<\/a><\/div><\/div><\/div><\/div><\/div><\/div><\/div><\/p>","protected":false},"excerpt":{"rendered":"<p>Sorry, this entry is only available in Espa\u00f1ol.<\/p>\n","protected":false},"author":1,"featured_media":1858,"parent":0,"menu_order":0,"comment_status":"closed","ping_status":"closed","template":"","meta":{"footnotes":""},"class_list":["post-1918","page","type-page","status-publish","has-post-thumbnail","hentry"],"aioseo_notices":[],"jetpack_sharing_enabled":true,"jetpack-related-posts":[{"id":21,"url":"https:\/\/dyor.webs.upv.es\/en\/electronica\/","url_meta":{"origin":1918,"position":0},"title":"Electronics","author":"soporte","date":"Saturday February 11th, 2017","format":false,"excerpt":"Learn how to design simple electronic sketches with Arduino and Fritzing. Most of the electronic design that we propose do not require soldering, so they can be easily done at home or at the classroom. Here we include several categories related with the electronics, their connection and assembly and programming.\u2026","rel":"","context":"Similar post","block_context":{"text":"Similar post","link":""},"img":{"alt_text":"","src":"","width":0,"height":0},"classes":[]},{"id":2170,"url":"https:\/\/dyor.webs.upv.es\/en\/ensamblajes-pre-disenados\/","url_meta":{"origin":1918,"position":1},"title":"Assembly","author":"soporte","date":"Sunday July  9th, 2017","format":false,"excerpt":"In this page, we show several entries related with the assembly of pre-designed DYOR robots. \u00a0","rel":"","context":"Similar post","block_context":{"text":"Similar post","link":""},"img":{"alt_text":"","src":"","width":0,"height":0},"classes":[]},{"id":3177,"url":"https:\/\/dyor.webs.upv.es\/en\/robotica\/","url_meta":{"origin":1918,"position":2},"title":"Robotics","author":"soporte","date":"Saturday April 14th, 2018","format":false,"excerpt":"In this page, we show all entries related with Robotics from the point of view of controlling a robot. The techniques explained are generic and can be applied to the majority of robots. Related entries:","rel":"","context":"Similar post","block_context":{"text":"Similar post","link":""},"img":{"alt_text":"","src":"https:\/\/i0.wp.com\/dyor.webs.upv.es\/wp-content\/uploads\/2018\/04\/robot.png?resize=350%2C200&ssl=1","width":350,"height":200},"classes":[]},{"id":2,"url":"https:\/\/dyor.webs.upv.es\/en\/","url_meta":{"origin":1918,"position":3},"title":"What is DYOR?","author":"soporte","date":"Saturday February 11th, 2017","format":false,"excerpt":"Some blog entries of this website are still under translation Dyor is an educational package, much more than a simple robotics kit. It has been created by professors and students from the Polytechnic University of Valencia with the purpose of being implemented as an activity within the secondary curriculum, vocational\u2026","rel":"","context":"Similar post","block_context":{"text":"Similar post","link":""},"img":{"alt_text":"","src":"https:\/\/i0.wp.com\/dyor.webs.upv.es\/wp-content\/uploads\/2017\/02\/cropped-edubot1.png?resize=350%2C200&ssl=1","width":350,"height":200},"classes":[]},{"id":2989,"url":"https:\/\/dyor.webs.upv.es\/en\/facilino-tutoriales\/","url_meta":{"origin":1918,"position":4},"title":"Facilino Tutorials","author":"soporte","date":"Friday April  6th, 2018","format":false,"excerpt":"Learn the basics of Facilino through some tutorials and videos. Facilino contains a great varity of examples, usually one or more per block instruction, so it is recommended to read the help of each particular block instruction in case of need. However, there are also some videos and tutorials that\u2026","rel":"","context":"Similar post","block_context":{"text":"Similar post","link":""},"img":{"alt_text":"","src":"https:\/\/i0.wp.com\/dyor.webs.upv.es\/wp-content\/uploads\/2017\/06\/Facilino_logo_registrado.jpg?resize=350%2C200&ssl=1","width":350,"height":200,"srcset":"https:\/\/i0.wp.com\/dyor.webs.upv.es\/wp-content\/uploads\/2017\/06\/Facilino_logo_registrado.jpg?resize=350%2C200&ssl=1 1x, https:\/\/i0.wp.com\/dyor.webs.upv.es\/wp-content\/uploads\/2017\/06\/Facilino_logo_registrado.jpg?resize=525%2C300&ssl=1 1.5x"},"classes":[]},{"id":3398,"url":"https:\/\/dyor.webs.upv.es\/en\/ejemplos-facilino\/","url_meta":{"origin":1918,"position":5},"title":"Facilino Examples","author":"soporte","date":"Thursday April 26th, 2018","format":false,"excerpt":"In this page we show Facilino examples to learn how to program with Facilino. The featured image of each post indicates the hardware required to run the example, as well as the difficulty: green (easy), yellow (medium), red (advance). It is also indicated, with a key, if the example requires\u2026","rel":"","context":"Similar post","block_context":{"text":"Similar post","link":""},"img":{"alt_text":"","src":"https:\/\/i0.wp.com\/dyor.webs.upv.es\/wp-content\/uploads\/2017\/05\/facilino_registrado-e1522992119634.png?resize=350%2C200&ssl=1","width":350,"height":200},"classes":[]}],"jetpack_likes_enabled":true,"_links":{"self":[{"href":"https:\/\/dyor.webs.upv.es\/en\/wp-json\/wp\/v2\/pages\/1918","targetHints":{"allow":["GET"]}}],"collection":[{"href":"https:\/\/dyor.webs.upv.es\/en\/wp-json\/wp\/v2\/pages"}],"about":[{"href":"https:\/\/dyor.webs.upv.es\/en\/wp-json\/wp\/v2\/types\/page"}],"author":[{"embeddable":true,"href":"https:\/\/dyor.webs.upv.es\/en\/wp-json\/wp\/v2\/users\/1"}],"replies":[{"embeddable":true,"href":"https:\/\/dyor.webs.upv.es\/en\/wp-json\/wp\/v2\/comments?post=1918"}],"version-history":[{"count":2,"href":"https:\/\/dyor.webs.upv.es\/en\/wp-json\/wp\/v2\/pages\/1918\/revisions"}],"predecessor-version":[{"id":4216,"href":"https:\/\/dyor.webs.upv.es\/en\/wp-json\/wp\/v2\/pages\/1918\/revisions\/4216"}],"wp:featuredmedia":[{"embeddable":true,"href":"https:\/\/dyor.webs.upv.es\/en\/wp-json\/wp\/v2\/media\/1858"}],"wp:attachment":[{"href":"https:\/\/dyor.webs.upv.es\/en\/wp-json\/wp\/v2\/media?parent=1918"}],"curies":[{"name":"wp","href":"https:\/\/api.w.org\/{rel}","templated":true}]}}