
{"id":2135,"date":"2017-06-24T08:23:32","date_gmt":"2017-06-24T08:23:32","guid":{"rendered":"http:\/\/dyor.roboticafacil.es\/?page_id=2135"},"modified":"2018-01-10T19:45:06","modified_gmt":"2018-01-10T19:45:06","slug":"galeria","status":"publish","type":"page","link":"https:\/\/dyor.webs.upv.es\/en\/galeria\/","title":{"rendered":"Gallery"},"content":{"rendered":"<p>Here we shown examples of DYOR robots all around the world. We hope they can inspire you!<\/p>\n<h3><a href=\"https:\/\/dyor.webs.upv.es\/galeria-upv\/\">DYOR at UPV<\/a><\/h3>\n<h3><a href=\"https:\/\/dyor.webs.upv.es\/galeria-dyor-colegios\/\">DYOR at schools<\/a><\/h3>\n<h3><a href=\"https:\/\/dyor.webs.upv.es\/thingiverse\/\">DYOR in Thingiverse<\/a><\/h3>\n<p><\/p>","protected":false},"excerpt":{"rendered":"<p>Here we shown examples of DYOR robots all around the world. We hope they can inspire you! DYOR at UPV DYOR at schools DYOR in Thingiverse<\/p>\n","protected":false},"author":1,"featured_media":0,"parent":0,"menu_order":0,"comment_status":"closed","ping_status":"closed","template":"","meta":{"footnotes":""},"class_list":["post-2135","page","type-page","status-publish","hentry"],"aioseo_notices":[],"jetpack_sharing_enabled":true,"jetpack-related-posts":[{"id":2126,"url":"https:\/\/dyor.webs.upv.es\/en\/thingiverse\/","url_meta":{"origin":2135,"position":0},"title":"Thingiverse","author":"soporte","date":"Saturday June 24th, 2017","format":false,"excerpt":"Aqu\u00ed dispon\u00e9is de algunos ejemplos de referencia del robot DYOR obtenidos del repositorios Thingiverse. Si busc\u00e1is con la palabra clave \"DYOR\" encontrar\u00e9is muchos m\u00e1s. By iamantegi, published Jun 25, 2017 By zigoraldazabal, published Jun 25, 2017 By TinoMaker, published Jun 25, 2017 By aurorabere2, published Jun 24, 2017 By migmanceras,\u2026","rel":"","context":"Similar post","block_context":{"text":"Similar post","link":""},"img":{"alt_text":"","src":"","width":0,"height":0},"classes":[]},{"id":58,"url":"https:\/\/dyor.webs.upv.es\/en\/galeria-upv\/","url_meta":{"origin":2135,"position":1},"title":"Gallery: Robots at UPV","author":"soporte","date":"Saturday February 11th, 2017","format":false,"excerpt":"Robots created by ETSID students at UPV (May 2017)","rel":"","context":"Similar post","block_context":{"text":"Similar post","link":""},"img":{"alt_text":"","src":"","width":0,"height":0},"classes":[]},{"id":2,"url":"https:\/\/dyor.webs.upv.es\/en\/","url_meta":{"origin":2135,"position":2},"title":"What is DYOR?","author":"soporte","date":"Saturday February 11th, 2017","format":false,"excerpt":"Some blog entries of this website are still under translation Dyor is an educational package, much more than a simple robotics kit. It has been created by professors and students from the Polytechnic University of Valencia with the purpose of being implemented as an activity within the secondary curriculum, vocational\u2026","rel":"","context":"Similar post","block_context":{"text":"Similar post","link":""},"img":{"alt_text":"","src":"https:\/\/i0.wp.com\/dyor.webs.upv.es\/wp-content\/uploads\/2017\/02\/cropped-edubot1.png?resize=350%2C200&ssl=1","width":350,"height":200},"classes":[]},{"id":2170,"url":"https:\/\/dyor.webs.upv.es\/en\/ensamblajes-pre-disenados\/","url_meta":{"origin":2135,"position":3},"title":"Assembly","author":"soporte","date":"Sunday July  9th, 2017","format":false,"excerpt":"In this page, we show several entries related with the assembly of pre-designed DYOR robots. \u00a0","rel":"","context":"Similar post","block_context":{"text":"Similar post","link":""},"img":{"alt_text":"","src":"","width":0,"height":0},"classes":[]},{"id":2132,"url":"https:\/\/dyor.webs.upv.es\/en\/galeria-dyor-colegios\/","url_meta":{"origin":2135,"position":4},"title":"Gallery DYOR at Schools","author":"soporte","date":"Saturday June 24th, 2017","format":false,"excerpt":"Send us your pictures soporte@roboticafacil.es to publish them. IES Jaume II \"El Just\" (High-School) (9\/6\/2017) Mas Camarena School: 3D printing DYOR and programming with Facilino (May 2017) CE Marni School (May 2017)","rel":"","context":"Similar post","block_context":{"text":"Similar post","link":""},"img":{"alt_text":"","src":"https:\/\/i0.wp.com\/dyor.webs.upv.es\/wp-content\/uploads\/2017\/06\/school.png?resize=350%2C200&ssl=1","width":350,"height":200},"classes":[]},{"id":2986,"url":"https:\/\/dyor.webs.upv.es\/en\/dyor-pinzas\/","url_meta":{"origin":2135,"position":5},"title":"DYOR (Gripper)","author":"soporte","date":"Friday April  6th, 2018","format":false,"excerpt":"Among these models, we can find the original DYOR design, a robot with two wheels controlled with continuous rotation servos and a gripper, based on LEGO parts, that can be individually controlled with two servo motors. In addition to this, it also includes a LEDs matrix to generate expressions, a\u2026","rel":"","context":"Similar post","block_context":{"text":"Similar post","link":""},"img":{"alt_text":"","src":"https:\/\/i0.wp.com\/dyor.webs.upv.es\/wp-content\/uploads\/2017\/02\/80784b09e65c66d86cce0729b123a334_store_image.png?resize=350%2C200&ssl=1","width":350,"height":200},"classes":[]}],"jetpack_likes_enabled":true,"_links":{"self":[{"href":"https:\/\/dyor.webs.upv.es\/en\/wp-json\/wp\/v2\/pages\/2135","targetHints":{"allow":["GET"]}}],"collection":[{"href":"https:\/\/dyor.webs.upv.es\/en\/wp-json\/wp\/v2\/pages"}],"about":[{"href":"https:\/\/dyor.webs.upv.es\/en\/wp-json\/wp\/v2\/types\/page"}],"author":[{"embeddable":true,"href":"https:\/\/dyor.webs.upv.es\/en\/wp-json\/wp\/v2\/users\/1"}],"replies":[{"embeddable":true,"href":"https:\/\/dyor.webs.upv.es\/en\/wp-json\/wp\/v2\/comments?post=2135"}],"version-history":[{"count":0,"href":"https:\/\/dyor.webs.upv.es\/en\/wp-json\/wp\/v2\/pages\/2135\/revisions"}],"wp:attachment":[{"href":"https:\/\/dyor.webs.upv.es\/en\/wp-json\/wp\/v2\/media?parent=2135"}],"curies":[{"name":"wp","href":"https:\/\/api.w.org\/{rel}","templated":true}]}}